{"id":12237,"date":"2024-10-28T13:31:31","date_gmt":"2024-10-28T13:31:31","guid":{"rendered":"https:\/\/zebrastripes.be\/?page_id=12237"},"modified":"2024-12-04T10:28:14","modified_gmt":"2024-12-04T10:28:14","slug":"legal-notice","status":"publish","type":"page","link":"https:\/\/zebrastripes.be\/fr\/legal-notice\/","title":{"rendered":"Mentions L\u00e9gales"},"content":{"rendered":"<div data-elementor-type=\"wp-page\" data-elementor-id=\"12237\" class=\"elementor elementor-12237\" data-elementor-post-type=\"page\">\n\t\t\t\t<div class=\"elementor-element elementor-element-103c20b0 e-con-full e-flex e-con e-parent\" data-id=\"103c20b0\" data-element_type=\"container\" data-settings=\"{&quot;background_background&quot;:&quot;classic&quot;,&quot;shape_divider_bottom&quot;:&quot;tilt&quot;,&quot;_ob_use_container_extras&quot;:&quot;no&quot;,&quot;_ob_column_hoveranimator&quot;:&quot;no&quot;,&quot;_ob_glider_is_slider&quot;:&quot;no&quot;,&quot;_ob_column_has_pseudo&quot;:&quot;no&quot;}\">\n\t\t\t\t<div class=\"elementor-shape elementor-shape-bottom\" aria-hidden=\"true\" data-negative=\"false\">\n\t\t\t<svg xmlns=\"http:\/\/www.w3.org\/2000\/svg\" viewbox=\"0 0 1000 100\" preserveaspectratio=\"none\">\n\t<path class=\"elementor-shape-fill\" d=\"M0,6V0h1000v100L0,6z\"\/>\n<\/svg>\t\t<\/div>\n\t\t<div class=\"elementor-element elementor-element-9aa12fb e-con-full e-flex e-con e-child\" data-id=\"9aa12fb\" data-element_type=\"container\" data-settings=\"{&quot;_ob_use_container_extras&quot;:&quot;no&quot;,&quot;_ob_column_hoveranimator&quot;:&quot;no&quot;,&quot;_ob_glider_is_slider&quot;:&quot;no&quot;,&quot;_ob_column_has_pseudo&quot;:&quot;no&quot;}\">\n\t\t<div class=\"elementor-element elementor-element-e291289 e-con-full e-flex e-con e-child\" data-id=\"e291289\" data-element_type=\"container\" data-settings=\"{&quot;_ob_use_container_extras&quot;:&quot;no&quot;,&quot;_ob_column_hoveranimator&quot;:&quot;no&quot;,&quot;_ob_glider_is_slider&quot;:&quot;no&quot;,&quot;_ob_column_has_pseudo&quot;:&quot;no&quot;}\">\n\t\t\t\t<div class=\"elementor-element elementor-element-a28605a elementor-widget-tablet__width-inherit ob-harakiri-inherit ob-has-background-overlay elementor-widget elementor-widget-heading\" data-id=\"a28605a\" data-element_type=\"widget\" data-settings=\"{&quot;_ob_use_harakiri&quot;:&quot;yes&quot;,&quot;_ob_harakiri_writing_mode&quot;:&quot;inherit&quot;,&quot;_ob_harakiri_text_clip&quot;:&quot;none&quot;,&quot;_ob_widget_stalker_use&quot;:&quot;no&quot;,&quot;_ob_poopart_use&quot;:&quot;yes&quot;,&quot;_ob_shadough_use&quot;:&quot;no&quot;,&quot;_ob_allow_hoveranimator&quot;:&quot;no&quot;}\" data-widget_type=\"heading.default\">\n\t\t\t\t<div class=\"elementor-widget-container\">\n\t\t\t\t\t<h1 class=\"elementor-heading-title elementor-size-default\">Mentions L\u00e9gales<\/h1>\t\t\t\t<\/div>\n\t\t\t\t<\/div>\n\t\t\t\t<\/div>\n\t\t\t\t<\/div>\n\t\t\t\t<\/div>\n\t\t<div class=\"elementor-element elementor-element-27403480 e-flex e-con-boxed e-con e-parent\" data-id=\"27403480\" data-element_type=\"container\" data-settings=\"{&quot;background_background&quot;:&quot;classic&quot;,&quot;shape_divider_bottom&quot;:&quot;waves&quot;,&quot;_ob_use_container_extras&quot;:&quot;no&quot;,&quot;_ob_column_hoveranimator&quot;:&quot;no&quot;,&quot;_ob_glider_is_slider&quot;:&quot;no&quot;,&quot;_ob_column_has_pseudo&quot;:&quot;no&quot;}\">\n\t\t\t\t\t<div class=\"e-con-inner\">\n\t\t\t\t<div class=\"elementor-shape elementor-shape-bottom\" aria-hidden=\"true\" data-negative=\"false\">\n\t\t\t<svg xmlns=\"http:\/\/www.w3.org\/2000\/svg\" viewbox=\"0 0 1000 100\" preserveaspectratio=\"none\">\n\t<path class=\"elementor-shape-fill\" d=\"M421.9,6.5c22.6-2.5,51.5,0.4,75.5,5.3c23.6,4.9,70.9,23.5,100.5,35.7c75.8,32.2,133.7,44.5,192.6,49.7\tc23.6,2.1,48.7,3.5,103.4-2.5c54.7-6,106.2-25.6,106.2-25.6V0H0v30.3c0,0,72,32.6,158.4,30.5c39.2-0.7,92.8-6.7,134-22.4\tc21.2-8.1,52.2-18.2,79.7-24.2C399.3,7.9,411.6,7.5,421.9,6.5z\"\/>\n<\/svg>\t\t<\/div>\n\t\t<div class=\"elementor-element elementor-element-35dd4f2 e-con-full e-flex elementor-invisible e-con e-child\" data-id=\"35dd4f2\" data-element_type=\"container\" data-settings=\"{&quot;animation&quot;:&quot;slideInUp&quot;,&quot;background_background&quot;:&quot;classic&quot;,&quot;_ob_use_container_extras&quot;:&quot;no&quot;,&quot;_ob_column_hoveranimator&quot;:&quot;no&quot;,&quot;_ob_glider_is_slider&quot;:&quot;no&quot;,&quot;_ob_column_has_pseudo&quot;:&quot;no&quot;}\">\n\t\t\t\t<div class=\"elementor-element elementor-element-dba9e98 ob-harakiri-inherit ob-has-background-overlay elementor-widget elementor-widget-heading\" data-id=\"dba9e98\" data-element_type=\"widget\" data-settings=\"{&quot;_ob_use_harakiri&quot;:&quot;yes&quot;,&quot;_ob_harakiri_writing_mode&quot;:&quot;inherit&quot;,&quot;_ob_harakiri_text_clip&quot;:&quot;none&quot;,&quot;_ob_widget_stalker_use&quot;:&quot;no&quot;,&quot;_ob_poopart_use&quot;:&quot;yes&quot;,&quot;_ob_shadough_use&quot;:&quot;no&quot;,&quot;_ob_allow_hoveranimator&quot;:&quot;no&quot;}\" data-widget_type=\"heading.default\">\n\t\t\t\t<div class=\"elementor-widget-container\">\n\t\t\t\t\t<h2 class=\"elementor-heading-title elementor-size-default\">1. PROPRI\u00c9T\u00c9 DU SITE WEB ET PUBLICATION DE HTTPS:\/\/ZEBRASTRIPES.BE<\/h2>\t\t\t\t<\/div>\n\t\t\t\t<\/div>\n\t\t\t\t<div class=\"elementor-element elementor-element-64c2b96 elementor-widget__width-inherit ob-harakiri-inherit ob-has-background-overlay elementor-widget elementor-widget-text-editor\" data-id=\"64c2b96\" data-element_type=\"widget\" data-settings=\"{&quot;_ob_use_harakiri&quot;:&quot;yes&quot;,&quot;_ob_harakiri_writing_mode&quot;:&quot;inherit&quot;,&quot;_ob_postman_use&quot;:&quot;no&quot;,&quot;_ob_widget_stalker_use&quot;:&quot;no&quot;,&quot;_ob_poopart_use&quot;:&quot;yes&quot;,&quot;_ob_shadough_use&quot;:&quot;no&quot;,&quot;_ob_allow_hoveranimator&quot;:&quot;no&quot;}\" data-widget_type=\"text-editor.default\">\n\t\t\t\t<div class=\"elementor-widget-container\">\n\t\t\t\t\t\t\t\t\t<p class=\"p1\">Ce site web est publi\u00e9 et appartient \u00e0 <b>Zebra Stripes<\/b>.<\/p><p class=\"p1\">E-mail <a href=\"mailto:info@zebrastripes.be\"><span class=\"s1\">nina@zebrastripes.be<\/span><\/a><\/p><p class=\"p1\"><b>\u00a0<\/b><\/p><p class=\"p1\"><b>Si\u00e8ge social:<\/b><b><\/b><\/p><p class=\"p1\">Zebra Stripes SRL<\/p><p class=\"p1\">Avenue de Janvier 8 bo\u00eete 2<\/p><p class=\"p1\">1200 Woluwe-Saint-Lambert<\/p><p class=\"p1\">Belgique<\/p><p>\u00a0<\/p><p class=\"p1\"><b>Num\u00e9ro de TVA:<\/b> BE0784 946 665<\/p><p class=\"p1\"><b>Phone number:<\/b> +32 (0)496 86 34 19<\/p><p class=\"p1\"><b>E-mail<\/b> <a href=\"mailto:info@zebrastripes.be\"><span class=\"s1\">nina@zebrastripes.be<\/span><\/a><\/p>\t\t\t\t\t\t\t\t<\/div>\n\t\t\t\t<\/div>\n\t\t\t\t<div class=\"elementor-element elementor-element-f75a712 ob-harakiri-inherit ob-has-background-overlay elementor-widget elementor-widget-heading\" data-id=\"f75a712\" data-element_type=\"widget\" data-settings=\"{&quot;_ob_use_harakiri&quot;:&quot;yes&quot;,&quot;_ob_harakiri_writing_mode&quot;:&quot;inherit&quot;,&quot;_ob_harakiri_text_clip&quot;:&quot;none&quot;,&quot;_ob_widget_stalker_use&quot;:&quot;no&quot;,&quot;_ob_poopart_use&quot;:&quot;yes&quot;,&quot;_ob_shadough_use&quot;:&quot;no&quot;,&quot;_ob_allow_hoveranimator&quot;:&quot;no&quot;}\" data-widget_type=\"heading.default\">\n\t\t\t\t<div class=\"elementor-widget-container\">\n\t\t\t\t\t<h2 class=\"elementor-heading-title elementor-size-default\">2. CONCEPTION ET H\u00c9BERGEMENT DU SITE HTTS:\/\/ZEBRASTRIPES.BE<\/h2>\t\t\t\t<\/div>\n\t\t\t\t<\/div>\n\t\t\t\t<div class=\"elementor-element elementor-element-1e350fe elementor-widget__width-inherit ob-harakiri-inherit ob-has-background-overlay elementor-widget elementor-widget-text-editor\" data-id=\"1e350fe\" data-element_type=\"widget\" data-settings=\"{&quot;_ob_use_harakiri&quot;:&quot;yes&quot;,&quot;_ob_harakiri_writing_mode&quot;:&quot;inherit&quot;,&quot;_ob_postman_use&quot;:&quot;no&quot;,&quot;_ob_widget_stalker_use&quot;:&quot;no&quot;,&quot;_ob_poopart_use&quot;:&quot;yes&quot;,&quot;_ob_shadough_use&quot;:&quot;no&quot;,&quot;_ob_allow_hoveranimator&quot;:&quot;no&quot;}\" data-widget_type=\"text-editor.default\">\n\t\t\t\t<div class=\"elementor-widget-container\">\n\t\t\t\t\t\t\t\t\t<p class=\"p1\">Conception et d\u00e9veloppement: Zebra Stripes<\/p><p class=\"p1\">E-mail <a href=\"mailto:info@zebrastripes.be\"><span class=\"s1\">nina@zebrastripes.be<\/span><\/a><\/p><p class=\"p1\">Site web: https:\/\/zebrastripes.be<\/p><p class=\"p1\">Le site web est h\u00e9berg\u00e9 par <a href=\"https:\/\/www.gandi.net\/\"><span class=\"s1\"><b>Gandi<\/b><\/span><\/a>.<\/p><p class=\"p1\">\u00a0<\/p><p class=\"p1\">GANDI SAS, une soci\u00e9t\u00e9 par actions simplifi\u00e9e ayant son si\u00e8ge social \u00e0 :<\/p><p class=\"p1\">63-65 boulevard Mass\u00e9na Paris (75013) FRANCE<\/p><p class=\"p1\">immatricul\u00e9e sous le num\u00e9ro 423 093 459 RCS PARIS<\/p><p class=\"p1\"><b>Num\u00e9ro de TVA:<\/b> FR81423093459<\/p><p class=\"p1\"><b>Phone number:<\/b> +33 (0) 1 70.37.76.61<\/p>\t\t\t\t\t\t\t\t<\/div>\n\t\t\t\t<\/div>\n\t\t\t\t<div class=\"elementor-element elementor-element-21829d5 ob-harakiri-inherit ob-has-background-overlay elementor-widget elementor-widget-heading\" data-id=\"21829d5\" data-element_type=\"widget\" data-settings=\"{&quot;_ob_use_harakiri&quot;:&quot;yes&quot;,&quot;_ob_harakiri_writing_mode&quot;:&quot;inherit&quot;,&quot;_ob_harakiri_text_clip&quot;:&quot;none&quot;,&quot;_ob_widget_stalker_use&quot;:&quot;no&quot;,&quot;_ob_poopart_use&quot;:&quot;yes&quot;,&quot;_ob_shadough_use&quot;:&quot;no&quot;,&quot;_ob_allow_hoveranimator&quot;:&quot;no&quot;}\" data-widget_type=\"heading.default\">\n\t\t\t\t<div class=\"elementor-widget-container\">\n\t\t\t\t\t<h2 class=\"elementor-heading-title elementor-size-default\">3. PROPRI\u00c9T\u00c9 INTELLECTUELLE<\/h2>\t\t\t\t<\/div>\n\t\t\t\t<\/div>\n\t\t\t\t<div class=\"elementor-element elementor-element-82fbbf9 elementor-widget__width-inherit ob-harakiri-inherit ob-has-background-overlay elementor-widget elementor-widget-text-editor\" data-id=\"82fbbf9\" data-element_type=\"widget\" data-settings=\"{&quot;_ob_use_harakiri&quot;:&quot;yes&quot;,&quot;_ob_harakiri_writing_mode&quot;:&quot;inherit&quot;,&quot;_ob_postman_use&quot;:&quot;no&quot;,&quot;_ob_widget_stalker_use&quot;:&quot;no&quot;,&quot;_ob_poopart_use&quot;:&quot;yes&quot;,&quot;_ob_shadough_use&quot;:&quot;no&quot;,&quot;_ob_allow_hoveranimator&quot;:&quot;no&quot;}\" data-widget_type=\"text-editor.default\">\n\t\t\t\t<div class=\"elementor-widget-container\">\n\t\t\t\t\t\t\t\t\t<p>L'ensemble du site web, y compris la structure et le contenu (titres, tableaux, graphiques, images, photos, vid\u00e9os, sons, bases de donn\u00e9es, applications et logiciels), est prot\u00e9g\u00e9 par le droit d'auteur belge et la propri\u00e9t\u00e9 intellectuelle de Zebra Stripes.<\/p>\t\t\t\t\t\t\t\t<\/div>\n\t\t\t\t<\/div>\n\t\t\t\t<div class=\"elementor-element elementor-element-bed4bea ob-harakiri-inherit ob-has-background-overlay elementor-widget elementor-widget-heading\" data-id=\"bed4bea\" data-element_type=\"widget\" data-settings=\"{&quot;_ob_use_harakiri&quot;:&quot;yes&quot;,&quot;_ob_harakiri_writing_mode&quot;:&quot;inherit&quot;,&quot;_ob_harakiri_text_clip&quot;:&quot;none&quot;,&quot;_ob_widget_stalker_use&quot;:&quot;no&quot;,&quot;_ob_poopart_use&quot;:&quot;yes&quot;,&quot;_ob_shadough_use&quot;:&quot;no&quot;,&quot;_ob_allow_hoveranimator&quot;:&quot;no&quot;}\" data-widget_type=\"heading.default\">\n\t\t\t\t<div class=\"elementor-widget-container\">\n\t\t\t\t\t<h2 class=\"elementor-heading-title elementor-size-default\">4. GESTION DES DONN\u00c9ES PERSONNELLES<\/h2>\t\t\t\t<\/div>\n\t\t\t\t<\/div>\n\t\t\t\t<div class=\"elementor-element elementor-element-0839dd5 elementor-widget__width-inherit ob-harakiri-inherit ob-has-background-overlay elementor-widget elementor-widget-text-editor\" data-id=\"0839dd5\" data-element_type=\"widget\" data-settings=\"{&quot;_ob_use_harakiri&quot;:&quot;yes&quot;,&quot;_ob_harakiri_writing_mode&quot;:&quot;inherit&quot;,&quot;_ob_postman_use&quot;:&quot;no&quot;,&quot;_ob_widget_stalker_use&quot;:&quot;no&quot;,&quot;_ob_poopart_use&quot;:&quot;yes&quot;,&quot;_ob_shadough_use&quot;:&quot;no&quot;,&quot;_ob_allow_hoveranimator&quot;:&quot;no&quot;}\" data-widget_type=\"text-editor.default\">\n\t\t\t\t<div class=\"elementor-widget-container\">\n\t\t\t\t\t\t\t\t\t<p><span class=\"wixui-rich-text__text\">Les donn\u00e9es que nous collectons sont destin\u00e9es \u00e0 permettre la communication et l'\u00e9change d'informations avec les visiteurs du site web.<\/span><\/p><p><span class=\"wixui-rich-text__text\">Les informations que vous nous transmettez par le biais de nos formulaires sont exclusivement destin\u00e9es \u00e0 Zebra Stripes et sont collect\u00e9es dans le seul but de mieux vous conna\u00eetre et de mieux vous servir.<\/span><\/p><p class=\"font_8 wixui-rich-text__text\"><span class=\"wixui-rich-text__text\">Ils ne sont ni vendus ni transmis \u00e0 des tiers. <\/span><span class=\"wixui-rich-text__text\">Zebra Stripes garantit la confidentialit\u00e9 des informations contenues sur le site.<\/span><\/p><p class=\"font_8 wixui-rich-text__text\"><span style=\"color: var( --e-global-color-primary ); background-color: var( --e-global-color-secondary );\">Les adresses et informations personnelles des utilisateurs n\u2019apparaissent \u00e0 aucun moment.<\/span><\/p>\t\t\t\t\t\t\t\t<\/div>\n\t\t\t\t<\/div>\n\t\t\t\t<div class=\"elementor-element elementor-element-c164e49 ob-harakiri-inherit ob-has-background-overlay elementor-widget elementor-widget-heading\" data-id=\"c164e49\" data-element_type=\"widget\" data-settings=\"{&quot;_ob_use_harakiri&quot;:&quot;yes&quot;,&quot;_ob_harakiri_writing_mode&quot;:&quot;inherit&quot;,&quot;_ob_harakiri_text_clip&quot;:&quot;none&quot;,&quot;_ob_widget_stalker_use&quot;:&quot;no&quot;,&quot;_ob_poopart_use&quot;:&quot;yes&quot;,&quot;_ob_shadough_use&quot;:&quot;no&quot;,&quot;_ob_allow_hoveranimator&quot;:&quot;no&quot;}\" data-widget_type=\"heading.default\">\n\t\t\t\t<div class=\"elementor-widget-container\">\n\t\t\t\t\t<h2 class=\"elementor-heading-title elementor-size-default\">5. COOKIES<\/h2>\t\t\t\t<\/div>\n\t\t\t\t<\/div>\n\t\t\t\t<div class=\"elementor-element elementor-element-0582a20 elementor-widget__width-inherit ob-harakiri-inherit ob-has-background-overlay elementor-widget elementor-widget-text-editor\" data-id=\"0582a20\" data-element_type=\"widget\" data-settings=\"{&quot;_ob_use_harakiri&quot;:&quot;yes&quot;,&quot;_ob_harakiri_writing_mode&quot;:&quot;inherit&quot;,&quot;_ob_postman_use&quot;:&quot;no&quot;,&quot;_ob_widget_stalker_use&quot;:&quot;no&quot;,&quot;_ob_poopart_use&quot;:&quot;yes&quot;,&quot;_ob_shadough_use&quot;:&quot;no&quot;,&quot;_ob_allow_hoveranimator&quot;:&quot;no&quot;}\" data-widget_type=\"text-editor.default\">\n\t\t\t\t<div class=\"elementor-widget-container\">\n\t\t\t\t\t\t\t\t\t<p>\u00c0 des fins d'analyse statistique, nous souhaitons placer un cookie sur votre ordinateur.<\/p><p>Un cookie enregistre des informations relatives \u00e0 la navigation de votre ordinateur sur notre site (les pages que vous avez consult\u00e9es, la date et l'heure de la consultation, etc.<\/p><p>La dur\u00e9e de conservation de ces informations sur votre ordinateur est de 3 ans.<\/p>\t\t\t\t\t\t\t\t<\/div>\n\t\t\t\t<\/div>\n\t\t\t\t<div class=\"elementor-element elementor-element-229f624 ob-harakiri-inherit ob-has-background-overlay elementor-widget elementor-widget-heading\" data-id=\"229f624\" data-element_type=\"widget\" data-settings=\"{&quot;_ob_use_harakiri&quot;:&quot;yes&quot;,&quot;_ob_harakiri_writing_mode&quot;:&quot;inherit&quot;,&quot;_ob_harakiri_text_clip&quot;:&quot;none&quot;,&quot;_ob_widget_stalker_use&quot;:&quot;no&quot;,&quot;_ob_poopart_use&quot;:&quot;yes&quot;,&quot;_ob_shadough_use&quot;:&quot;no&quot;,&quot;_ob_allow_hoveranimator&quot;:&quot;no&quot;}\" data-widget_type=\"heading.default\">\n\t\t\t\t<div class=\"elementor-widget-container\">\n\t\t\t\t\t<h2 class=\"elementor-heading-title elementor-size-default\">6. DROITS D'AUTEUR<\/h2>\t\t\t\t<\/div>\n\t\t\t\t<\/div>\n\t\t\t\t<div class=\"elementor-element elementor-element-be22172 elementor-widget__width-inherit ob-harakiri-inherit ob-has-background-overlay elementor-widget elementor-widget-text-editor\" data-id=\"be22172\" data-element_type=\"widget\" data-settings=\"{&quot;_ob_use_harakiri&quot;:&quot;yes&quot;,&quot;_ob_harakiri_writing_mode&quot;:&quot;inherit&quot;,&quot;_ob_postman_use&quot;:&quot;no&quot;,&quot;_ob_widget_stalker_use&quot;:&quot;no&quot;,&quot;_ob_poopart_use&quot;:&quot;yes&quot;,&quot;_ob_shadough_use&quot;:&quot;no&quot;,&quot;_ob_allow_hoveranimator&quot;:&quot;no&quot;}\" data-widget_type=\"text-editor.default\">\n\t\t\t\t<div class=\"elementor-widget-container\">\n\t\t\t\t\t\t\t\t\t<p>L'ensemble de ce site est soumis \u00e0 la l\u00e9gislation belge et internationale sur les droits d'auteur et la propri\u00e9t\u00e9 intellectuelle.<\/p><p>La reproduction de toutes les parties du site constitue la base du support que sert ce formulaire pour autoriser l'autorisation du directeur de la publication.<\/p>\t\t\t\t\t\t\t\t<\/div>\n\t\t\t\t<\/div>\n\t\t\t\t<div class=\"elementor-element elementor-element-55bb009 ob-harakiri-inherit ob-has-background-overlay elementor-widget elementor-widget-text-editor\" data-id=\"55bb009\" data-element_type=\"widget\" data-settings=\"{&quot;_ob_use_harakiri&quot;:&quot;yes&quot;,&quot;_ob_harakiri_writing_mode&quot;:&quot;inherit&quot;,&quot;_ob_postman_use&quot;:&quot;no&quot;,&quot;_ob_widget_stalker_use&quot;:&quot;no&quot;,&quot;_ob_poopart_use&quot;:&quot;yes&quot;,&quot;_ob_shadough_use&quot;:&quot;no&quot;,&quot;_ob_allow_hoveranimator&quot;:&quot;no&quot;}\" data-widget_type=\"text-editor.default\">\n\t\t\t\t<div class=\"elementor-widget-container\">\n\t\t\t\t\t\t\t\t\t<p><b>Derni\u00e8re mise \u00e0 jour: 3 novembre 2023<\/b><\/p>\t\t\t\t\t\t\t\t<\/div>\n\t\t\t\t<\/div>\n\t\t\t\t<\/div>\n\t\t\t\t\t<\/div>\n\t\t\t\t<\/div>\n\t\t\t\t<\/div>","protected":false},"excerpt":{"rendered":"<p>Legal Notice 1. WEBSITE OWNERSHIP AND PUBLICATION OF HTTPS:\/\/ZEBRASTRIPES.BE\u200b This website is published and owned by Zebra Stripes. Email: nina@zebrastripes.be \u00a0 Headquarters: Zebra Stripes SRL Avenue de Janvier 8 bo\u00eete 2 1200 Woluwe-Saint-Lambert Belgium \u00a0 VAT-number: BE0784 946 665 Phone number: +32 (0)496 86 34 19 Email: nina@zebrastripes.be 2. WEBSITE DESIGN AND HOSTING OF HTTS:\/\/ZEBRASTRIPES.BE\u200b [&hellip;]<\/p>","protected":false},"author":1,"featured_media":0,"parent":0,"menu_order":0,"comment_status":"closed","ping_status":"closed","template":"","meta":{"_monsterinsights_skip_tracking":false,"_monsterinsights_sitenote_active":false,"_monsterinsights_sitenote_note":"","_monsterinsights_sitenote_category":0,"footnotes":""},"class_list":["post-12237","page","type-page","status-publish","hentry"],"yoast_head":"<!-- This site is optimized with the Yoast SEO plugin v26.8 - https:\/\/yoast.com\/product\/yoast-seo-wordpress\/ -->\n<title>Legal notice | Zebra Stripes - Digital Agency<\/title>\n<meta name=\"description\" content=\"Read essential information about legal terms, privacy policy, and usage guidelines for our website and services.\" \/>\n<meta name=\"robots\" content=\"index, follow, max-snippet:-1, max-image-preview:large, max-video-preview:-1\" \/>\n<link rel=\"canonical\" href=\"https:\/\/zebrastripes.be\/fr\/legal-notice\/\" \/>\n<meta property=\"og:locale\" content=\"fr_FR\" \/>\n<meta property=\"og:type\" content=\"article\" \/>\n<meta property=\"og:title\" content=\"Legal notice | Zebra Stripes - Digital Agency\" \/>\n<meta property=\"og:description\" content=\"Read essential information about legal terms, privacy policy, and usage guidelines for our website and services.\" \/>\n<meta property=\"og:url\" content=\"https:\/\/zebrastripes.be\/fr\/legal-notice\/\" \/>\n<meta property=\"og:site_name\" content=\"Zebra Stripes\" \/>\n<meta property=\"article:publisher\" content=\"https:\/\/www.facebook.com\/zebrastripes.be\" \/>\n<meta property=\"article:modified_time\" content=\"2024-12-04T10:28:14+00:00\" \/>\n<meta property=\"og:image\" content=\"https:\/\/i0.wp.com\/zebrastripes.be\/wp-content\/uploads\/2025\/06\/Logo-Blue.png?fit=280%2C50&ssl=1\" \/>\n\t<meta property=\"og:image:width\" content=\"280\" \/>\n\t<meta property=\"og:image:height\" content=\"50\" \/>\n\t<meta property=\"og:image:type\" content=\"image\/png\" \/>\n<meta name=\"twitter:card\" content=\"summary_large_image\" \/>\n<meta name=\"twitter:label1\" content=\"Dur\u00e9e de lecture estim\u00e9e\" \/>\n\t<meta name=\"twitter:data1\" content=\"2 minutes\" \/>\n<script type=\"application\/ld+json\" class=\"yoast-schema-graph\">{\"@context\":\"https:\/\/schema.org\",\"@graph\":[{\"@type\":\"WebPage\",\"@id\":\"https:\/\/zebrastripes.be\/legal-notice\/\",\"url\":\"https:\/\/zebrastripes.be\/legal-notice\/\",\"name\":\"Legal notice | Zebra Stripes - Digital Agency\",\"isPartOf\":{\"@id\":\"https:\/\/zebrastripes.be\/#website\"},\"datePublished\":\"2024-10-28T13:31:31+00:00\",\"dateModified\":\"2024-12-04T10:28:14+00:00\",\"description\":\"Read essential information about legal terms, privacy policy, and usage guidelines for our website and services.\",\"breadcrumb\":{\"@id\":\"https:\/\/zebrastripes.be\/legal-notice\/#breadcrumb\"},\"inLanguage\":\"fr-FR\",\"potentialAction\":[{\"@type\":\"ReadAction\",\"target\":[\"https:\/\/zebrastripes.be\/legal-notice\/\"]}]},{\"@type\":\"BreadcrumbList\",\"@id\":\"https:\/\/zebrastripes.be\/legal-notice\/#breadcrumb\",\"itemListElement\":[{\"@type\":\"ListItem\",\"position\":1,\"name\":\"Home\",\"item\":\"https:\/\/zebrastripes.be\/\"},{\"@type\":\"ListItem\",\"position\":2,\"name\":\"Legal Notice\"}]},{\"@type\":\"WebSite\",\"@id\":\"https:\/\/zebrastripes.be\/#website\",\"url\":\"https:\/\/zebrastripes.be\/\",\"name\":\"Zebra Stripes\",\"description\":\"Zebra Stripes - Digital Agency\",\"publisher\":{\"@id\":\"https:\/\/zebrastripes.be\/#organization\"},\"potentialAction\":[{\"@type\":\"SearchAction\",\"target\":{\"@type\":\"EntryPoint\",\"urlTemplate\":\"https:\/\/zebrastripes.be\/?s={search_term_string}\"},\"query-input\":{\"@type\":\"PropertyValueSpecification\",\"valueRequired\":true,\"valueName\":\"search_term_string\"}}],\"inLanguage\":\"fr-FR\"},{\"@type\":\"Organization\",\"@id\":\"https:\/\/zebrastripes.be\/#organization\",\"name\":\"Zebra Stripes\",\"url\":\"https:\/\/zebrastripes.be\/\",\"logo\":{\"@type\":\"ImageObject\",\"inLanguage\":\"fr-FR\",\"@id\":\"https:\/\/zebrastripes.be\/#\/schema\/logo\/image\/\",\"url\":\"https:\/\/i0.wp.com\/zebrastripes.be\/wp-content\/uploads\/2024\/10\/Logo-_-Zebra-Stripes.png?fit=587%2C107&ssl=1\",\"contentUrl\":\"https:\/\/i0.wp.com\/zebrastripes.be\/wp-content\/uploads\/2024\/10\/Logo-_-Zebra-Stripes.png?fit=587%2C107&ssl=1\",\"width\":587,\"height\":107,\"caption\":\"Zebra Stripes\"},\"image\":{\"@id\":\"https:\/\/zebrastripes.be\/#\/schema\/logo\/image\/\"},\"sameAs\":[\"https:\/\/www.facebook.com\/zebrastripes.be\",\"https:\/\/www.instagram.com\/zebrastripes.be\",\"https:\/\/www.linkedin.com\/company\/zebrastripes\"]}]}<\/script>\n<!-- \/ Yoast SEO plugin. -->","yoast_head_json":{"title":"Legal notice | Zebra Stripes - Digital Agency","description":"Read essential information about legal terms, privacy policy, and usage guidelines for our website and services.","robots":{"index":"index","follow":"follow","max-snippet":"max-snippet:-1","max-image-preview":"max-image-preview:large","max-video-preview":"max-video-preview:-1"},"canonical":"https:\/\/zebrastripes.be\/fr\/legal-notice\/","og_locale":"fr_FR","og_type":"article","og_title":"Legal notice | Zebra Stripes - Digital Agency","og_description":"Read essential information about legal terms, privacy policy, and usage guidelines for our website and services.","og_url":"https:\/\/zebrastripes.be\/fr\/legal-notice\/","og_site_name":"Zebra Stripes","article_publisher":"https:\/\/www.facebook.com\/zebrastripes.be","article_modified_time":"2024-12-04T10:28:14+00:00","og_image":[{"width":280,"height":50,"url":"https:\/\/i0.wp.com\/zebrastripes.be\/wp-content\/uploads\/2025\/06\/Logo-Blue.png?fit=280%2C50&ssl=1","type":"image\/png"}],"twitter_card":"summary_large_image","twitter_misc":{"Dur\u00e9e de lecture estim\u00e9e":"2 minutes"},"schema":{"@context":"https:\/\/schema.org","@graph":[{"@type":"WebPage","@id":"https:\/\/zebrastripes.be\/legal-notice\/","url":"https:\/\/zebrastripes.be\/legal-notice\/","name":"Legal notice | Zebra Stripes - Digital Agency","isPartOf":{"@id":"https:\/\/zebrastripes.be\/#website"},"datePublished":"2024-10-28T13:31:31+00:00","dateModified":"2024-12-04T10:28:14+00:00","description":"Read essential information about legal terms, privacy policy, and usage guidelines for our website and services.","breadcrumb":{"@id":"https:\/\/zebrastripes.be\/legal-notice\/#breadcrumb"},"inLanguage":"fr-FR","potentialAction":[{"@type":"ReadAction","target":["https:\/\/zebrastripes.be\/legal-notice\/"]}]},{"@type":"BreadcrumbList","@id":"https:\/\/zebrastripes.be\/legal-notice\/#breadcrumb","itemListElement":[{"@type":"ListItem","position":1,"name":"Home","item":"https:\/\/zebrastripes.be\/"},{"@type":"ListItem","position":2,"name":"Legal Notice"}]},{"@type":"WebSite","@id":"https:\/\/zebrastripes.be\/#website","url":"https:\/\/zebrastripes.be\/","name":"Zebra Stripes","description":"Zebra Stripes - Digital Agency","publisher":{"@id":"https:\/\/zebrastripes.be\/#organization"},"potentialAction":[{"@type":"SearchAction","target":{"@type":"EntryPoint","urlTemplate":"https:\/\/zebrastripes.be\/?s={search_term_string}"},"query-input":{"@type":"PropertyValueSpecification","valueRequired":true,"valueName":"search_term_string"}}],"inLanguage":"fr-FR"},{"@type":"Organization","@id":"https:\/\/zebrastripes.be\/#organization","name":"Zebra Stripes","url":"https:\/\/zebrastripes.be\/","logo":{"@type":"ImageObject","inLanguage":"fr-FR","@id":"https:\/\/zebrastripes.be\/#\/schema\/logo\/image\/","url":"https:\/\/i0.wp.com\/zebrastripes.be\/wp-content\/uploads\/2024\/10\/Logo-_-Zebra-Stripes.png?fit=587%2C107&ssl=1","contentUrl":"https:\/\/i0.wp.com\/zebrastripes.be\/wp-content\/uploads\/2024\/10\/Logo-_-Zebra-Stripes.png?fit=587%2C107&ssl=1","width":587,"height":107,"caption":"Zebra Stripes"},"image":{"@id":"https:\/\/zebrastripes.be\/#\/schema\/logo\/image\/"},"sameAs":["https:\/\/www.facebook.com\/zebrastripes.be","https:\/\/www.instagram.com\/zebrastripes.be","https:\/\/www.linkedin.com\/company\/zebrastripes"]}]}},"jetpack_sharing_enabled":true,"_links":{"self":[{"href":"https:\/\/zebrastripes.be\/fr\/wp-json\/wp\/v2\/pages\/12237","targetHints":{"allow":["GET"]}}],"collection":[{"href":"https:\/\/zebrastripes.be\/fr\/wp-json\/wp\/v2\/pages"}],"about":[{"href":"https:\/\/zebrastripes.be\/fr\/wp-json\/wp\/v2\/types\/page"}],"author":[{"embeddable":true,"href":"https:\/\/zebrastripes.be\/fr\/wp-json\/wp\/v2\/users\/1"}],"replies":[{"embeddable":true,"href":"https:\/\/zebrastripes.be\/fr\/wp-json\/wp\/v2\/comments?post=12237"}],"version-history":[{"count":0,"href":"https:\/\/zebrastripes.be\/fr\/wp-json\/wp\/v2\/pages\/12237\/revisions"}],"wp:attachment":[{"href":"https:\/\/zebrastripes.be\/fr\/wp-json\/wp\/v2\/media?parent=12237"}],"curies":[{"name":"wp","href":"https:\/\/api.w.org\/{rel}","templated":true}]}}